{"id":60,"date":"2015-04-15T10:57:41","date_gmt":"2015-04-15T13:57:41","guid":{"rendered":"http:\/\/welfare.cmsmasters.net\/?page_id=60"},"modified":"2025-04-28T12:27:06","modified_gmt":"2025-04-28T15:27:06","slug":"contato","status":"publish","type":"page","link":"https:\/\/oftalmodapaulista.com.br\/profissional\/contato\/","title":{"rendered":"Contato"},"content":{"rendered":"\n<h3 class=\"wp-block-heading\"><strong>Agendamento ambulatorial para pacientes novos<\/strong><\/h3>\n\n\n\n<p>O acesso ao atendimento ambulatorial do Hospital S\u00e3o Paulo se d\u00e1 atrav\u00e9s do Sistema Informatizado de Regula\u00e7\u00e3o do Estado de S\u00e3o Paulo \u2013 SIRESP.<\/p>\n\n\n\n<p>O paciente que necessitar de atendimento m\u00e9dico ambulatorial, ser\u00e1 avaliado e encaminhado pela&nbsp;<a href=\"http:\/\/buscasaude.prefeitura.sp.gov.br\/\" target=\"_blank\" rel=\"noreferrer noopener\">Unidade B\u00e1sica de Sa\u00fade &#8211; (UBS)<\/a>&nbsp;ou posto de&nbsp;<a href=\"https:\/\/www.prefeitura.sp.gov.br\/cidade\/secretarias\/saude\/atencao_basica\/ama\/index.php?p=1911\" target=\"_blank\" rel=\"noreferrer noopener\">M\u00e9dica Ambulatorial (AMA)<\/a>&nbsp;mais pr\u00f3ximo de sua resid\u00eancia, a qual realizar\u00e1 o agendamento via SIRESP.<\/p>\n\n\n\n<p>Para saber qual a UBS mais pr\u00f3xima de sua resid\u00eancia:<\/p>\n\n\n\n<p><strong><a href=\"http:\/\/buscasaude.prefeitura.sp.gov.br\/\">http:\/\/buscasaude.prefeitura.sp.gov.br\/<\/a><\/strong><\/p>\n\n\n\n<p>Os pacientes dever\u00e3o dirigir-se aos ambulat\u00f3rios do Hospital S\u00e3o Paulo, SOMENTE com a consulta m\u00e9dica agendada pela UBS ou AMA, portando a Guia de Encaminhamento, o Comprovante de Agendamento e demais documentos (carteira de identidade; CPF; comprovante de resid\u00eancia e&nbsp;<a href=\"https:\/\/meususdigital.saude.gov.br\/login\" target=\"_blank\" rel=\"noreferrer noopener\">Cart\u00e3o Nacional de Sa\u00fade \u2013 CNS<\/a>).<\/p>\n\n\n\n<h3 class=\"wp-block-heading\"><\/h3>\n\n\n\n<h2 class=\"wp-block-heading\">TRATAMENTO FORA DE DOMIC\u00cdLIO (TFD)<\/h2>\n\n\n\n<p><br>Para pacientes do interior ou de fora do estado de S\u00e3o Paulo: procurar a Secretaria de Sa\u00fade de sua cidade, setor de Tratamento Fora de Domic\u00edlio (TFD), que ir\u00e1 encaminh\u00e1-lo de acordo com as refer\u00eancias que foram disponibilizadas para essa Secretaria.<br>N\u00e3o \u00e9 correto vir por conta pr\u00f3pria para procurar tratamento, essa \u00e9 uma das responsabilidades da Secretaria da Sa\u00fade. Tem o direito de seguir esta orienta\u00e7\u00e3o, inclusive com transporte e\/ou hospedagem custeados pelo seu munic\u00edpio, desde que tudo esteja sendo providenciado por seu munic\u00edpio.<br>Se for para o Hospital S\u00e3o Paulo, a Secretaria de Sa\u00fade de sua cidade dever\u00e1, ela mesmo, agendar a consulta no Hospital S\u00e3o Paulo. Caso contr\u00e1rio, voc\u00ea dever\u00e1 se dirigir para onde a Secretaria da sua cidade indicar.<br>O agendamento deve ser feito pela Secretaria de Sa\u00fade o seu munic\u00edpio diretamente com o:<\/p>\n\n\n\n<p><strong>Setor de Rela\u00e7\u00f5es P\u00fablicas do Hospital S\u00e3o Paulo: (11) 5576-4848 ramais 7224 ou 7210<\/strong><\/p>\n\n\n\n<p><br><strong>E-mail: rp@huhsp.org.br<\/strong><\/p>\n","protected":false},"excerpt":{"rendered":"<p>Agendamento ambulatorial para pacientes novos O acesso ao atendimento ambulatorial do Hospital S\u00e3o Paulo se d\u00e1 atrav\u00e9s do Sistema Informatizado de Regula\u00e7\u00e3o do Estado de S\u00e3o Paulo \u2013 SIRESP. O paciente que necessitar de atendimento m\u00e9dico ambulatorial, ser\u00e1 avaliado e encaminhado pela&nbsp;Unidade B\u00e1sica de Sa\u00fade &#8211; (UBS)&nbsp;ou posto de&nbsp;M\u00e9dica Ambulatorial (AMA)&nbsp;mais pr\u00f3ximo de sua resid\u00eancia,&#8230;<\/p>\n","protected":false},"author":1,"featured_media":0,"parent":0,"menu_order":0,"comment_status":"closed","ping_status":"closed","template":"template\/template-contato.php","meta":{"_acf_changed":false,"footnotes":""},"class_list":["post-60","page","type-page","status-publish","hentry"],"acf":[],"_links":{"self":[{"href":"https:\/\/oftalmodapaulista.com.br\/profissional\/wp-json\/wp\/v2\/pages\/60","targetHints":{"allow":["GET"]}}],"collection":[{"href":"https:\/\/oftalmodapaulista.com.br\/profissional\/wp-json\/wp\/v2\/pages"}],"about":[{"href":"https:\/\/oftalmodapaulista.com.br\/profissional\/wp-json\/wp\/v2\/types\/page"}],"author":[{"embeddable":true,"href":"https:\/\/oftalmodapaulista.com.br\/profissional\/wp-json\/wp\/v2\/users\/1"}],"replies":[{"embeddable":true,"href":"https:\/\/oftalmodapaulista.com.br\/profissional\/wp-json\/wp\/v2\/comments?post=60"}],"version-history":[{"count":29,"href":"https:\/\/oftalmodapaulista.com.br\/profissional\/wp-json\/wp\/v2\/pages\/60\/revisions"}],"predecessor-version":[{"id":15974,"href":"https:\/\/oftalmodapaulista.com.br\/profissional\/wp-json\/wp\/v2\/pages\/60\/revisions\/15974"}],"wp:attachment":[{"href":"https:\/\/oftalmodapaulista.com.br\/profissional\/wp-json\/wp\/v2\/media?parent=60"}],"curies":[{"name":"wp","href":"https:\/\/api.w.org\/{rel}","templated":true}]}}