{"id":14262,"date":"2023-10-19T11:21:57","date_gmt":"2023-10-19T14:21:57","guid":{"rendered":"https:\/\/siteoftalmodapau1.websiteseguro.com\/?page_id=14262"},"modified":"2023-10-19T11:31:14","modified_gmt":"2023-10-19T14:31:14","slug":"medicina","status":"publish","type":"page","link":"https:\/\/oftalmodapaulista.com.br\/profissional\/medicina\/","title":{"rendered":"Medicina"},"content":{"rendered":"\n<div class=\"wp-block-columns is-layout-flex wp-container-core-columns-is-layout-9d6595d7 wp-block-columns-is-layout-flex\">\n<div class=\"wp-block-column is-layout-flow wp-block-column-is-layout-flow\">\n<p><strong>Pr\u00f3-Reitoria de Gradua\u00e7\u00e3o<\/strong><br>Rua Sena Madureira, 1500, 1\u00ba andar<br>Vila Clementino \u2013 S\u00e3o Paulo \u2013 SP<br>CEP: 04021-001<br>(11) 3385-4101<br><a href=\"http:\/\/www.unifesp.br\/prograd\/\">| mais informa\u00e7\u00f5es |<\/a><\/p>\n<\/div>\n\n\n\n<div class=\"wp-block-column is-layout-flow wp-block-column-is-layout-flow\">\n<p><strong>Secretaria do Depto Oftalmologia<\/strong><br>Rua Botucatu, 806<br>Vila Clementino \u2013 S\u00e3o Paulo \u2013 SP<br>CEP: 04023-062<br>(11) 5089-9200<\/p>\n<\/div>\n<\/div>\n","protected":false},"excerpt":{"rendered":"<p>Pr\u00f3-Reitoria de Gradua\u00e7\u00e3oRua Sena Madureira, 1500, 1\u00ba andarVila Clementino \u2013 S\u00e3o Paulo \u2013 SPCEP: 04021-001(11) 3385-4101| mais informa\u00e7\u00f5es | Secretaria do Depto OftalmologiaRua Botucatu, 806Vila Clementino \u2013 S\u00e3o Paulo \u2013 SPCEP: 04023-062(11) 5089-9200<\/p>\n","protected":false},"author":1,"featured_media":0,"parent":0,"menu_order":0,"comment_status":"closed","ping_status":"closed","template":"template-parts\/nav-lateral.php","meta":{"_acf_changed":false,"footnotes":""},"class_list":["post-14262","page","type-page","status-publish","hentry"],"acf":[],"_links":{"self":[{"href":"https:\/\/oftalmodapaulista.com.br\/profissional\/wp-json\/wp\/v2\/pages\/14262","targetHints":{"allow":["GET"]}}],"collection":[{"href":"https:\/\/oftalmodapaulista.com.br\/profissional\/wp-json\/wp\/v2\/pages"}],"about":[{"href":"https:\/\/oftalmodapaulista.com.br\/profissional\/wp-json\/wp\/v2\/types\/page"}],"author":[{"embeddable":true,"href":"https:\/\/oftalmodapaulista.com.br\/profissional\/wp-json\/wp\/v2\/users\/1"}],"replies":[{"embeddable":true,"href":"https:\/\/oftalmodapaulista.com.br\/profissional\/wp-json\/wp\/v2\/comments?post=14262"}],"version-history":[{"count":2,"href":"https:\/\/oftalmodapaulista.com.br\/profissional\/wp-json\/wp\/v2\/pages\/14262\/revisions"}],"predecessor-version":[{"id":14272,"href":"https:\/\/oftalmodapaulista.com.br\/profissional\/wp-json\/wp\/v2\/pages\/14262\/revisions\/14272"}],"wp:attachment":[{"href":"https:\/\/oftalmodapaulista.com.br\/profissional\/wp-json\/wp\/v2\/media?parent=14262"}],"curies":[{"name":"wp","href":"https:\/\/api.w.org\/{rel}","templated":true}]}}