{"id":14233,"date":"2023-10-19T10:53:02","date_gmt":"2023-10-19T13:53:02","guid":{"rendered":"https:\/\/siteoftalmodapau1.websiteseguro.com\/?page_id=14233"},"modified":"2026-03-23T18:09:25","modified_gmt":"2026-03-23T21:09:25","slug":"ccbo","status":"publish","type":"page","link":"https:\/\/oftalmodapaulista.com.br\/profissional\/ccbo\/","title":{"rendered":"48\u00ba Curso de Ci\u00eancias B\u00e1sicas e Cl\u00ednicas Em Oftalmologia"},"content":{"rendered":"\n<p>O Programa de Resid\u00eancia M\u00e9dica do Departamento de Oftalmologia e Ci\u00eancias Visuais da Escola Paulista de Medicina apresenta em 2026 a&nbsp;<strong>48<sup>a<\/sup>&nbsp;edi\u00e7\u00e3o do&nbsp;Curso de Ci\u00eancias B\u00e1sicas e Cl\u00ednicas em Oftalmologia.<\/strong><\/p>\n\n\n\n<p>O CCBCO tem o importante papel de introduzir os principais conceitos da Oftalmologia aos colegas m\u00e9dicos que iniciam a Resid\u00eancia M\u00e9dica ou Curso de Especializa\u00e7\u00e3o pelo CBO. As aulas possuem n\u00edvel adequado para possibilitar conhecimento geral do assunto, objetivando embasar teoricamente o in\u00edcio das atividades pr\u00e1ticas de especializa\u00e7\u00e3o.<\/p>\n\n\n\n<p>Com a participa\u00e7\u00e3o do corpo docente do Departamento de Oftalmologia e Ci\u00eancias Visuais e de outros departamentos da Escola Paulista de Medicina, e tamb\u00e9m de renomados colegas de outros servi\u00e7os, o CCBCO apresenta um programa de excel\u00eancia, atualizado anualmente, e muito prestigiado pela comunidade oftalmol\u00f3gica nacional, al\u00e9m de atrair alunos da Am\u00e9rica Latina e Portugal regularmente.<\/p>\n\n\n\n<p>Tamb\u00e9m \u00e9 um curso de reciclagem para m\u00e9dicos-oftalmologistas que buscam renovar o conhecimento e se atualizar sobre conceitos e procedimentos oftalmol\u00f3gicos de ponta.<\/p>\n\n\n\n<p><\/p>\n","protected":false},"excerpt":{"rendered":"<p>O Programa de Resid\u00eancia M\u00e9dica do Departamento de Oftalmologia e Ci\u00eancias Visuais da Escola Paulista de Medicina apresenta em 2026 a&nbsp;48a&nbsp;edi\u00e7\u00e3o do&nbsp;Curso de Ci\u00eancias B\u00e1sicas e Cl\u00ednicas em Oftalmologia. O CCBCO tem o importante papel de introduzir os principais conceitos da Oftalmologia aos colegas m\u00e9dicos que iniciam a Resid\u00eancia M\u00e9dica ou Curso de Especializa\u00e7\u00e3o pelo&#8230;<\/p>\n","protected":false},"author":1,"featured_media":0,"parent":0,"menu_order":0,"comment_status":"closed","ping_status":"closed","template":"template\/template-ccbo.php","meta":{"_acf_changed":false,"footnotes":""},"class_list":["post-14233","page","type-page","status-publish","hentry"],"acf":[],"_links":{"self":[{"href":"https:\/\/oftalmodapaulista.com.br\/profissional\/wp-json\/wp\/v2\/pages\/14233","targetHints":{"allow":["GET"]}}],"collection":[{"href":"https:\/\/oftalmodapaulista.com.br\/profissional\/wp-json\/wp\/v2\/pages"}],"about":[{"href":"https:\/\/oftalmodapaulista.com.br\/profissional\/wp-json\/wp\/v2\/types\/page"}],"author":[{"embeddable":true,"href":"https:\/\/oftalmodapaulista.com.br\/profissional\/wp-json\/wp\/v2\/users\/1"}],"replies":[{"embeddable":true,"href":"https:\/\/oftalmodapaulista.com.br\/profissional\/wp-json\/wp\/v2\/comments?post=14233"}],"version-history":[{"count":38,"href":"https:\/\/oftalmodapaulista.com.br\/profissional\/wp-json\/wp\/v2\/pages\/14233\/revisions"}],"predecessor-version":[{"id":16448,"href":"https:\/\/oftalmodapaulista.com.br\/profissional\/wp-json\/wp\/v2\/pages\/14233\/revisions\/16448"}],"wp:attachment":[{"href":"https:\/\/oftalmodapaulista.com.br\/profissional\/wp-json\/wp\/v2\/media?parent=14233"}],"curies":[{"name":"wp","href":"https:\/\/api.w.org\/{rel}","templated":true}]}}