{"id":13984,"date":"2023-10-17T11:46:41","date_gmt":"2023-10-17T14:46:41","guid":{"rendered":"https:\/\/siteoftalmodapau1.websiteseguro.com\/?page_id=13984"},"modified":"2023-11-14T16:25:34","modified_gmt":"2023-11-14T19:25:34","slug":"pesquisa-clinica","status":"publish","type":"page","link":"https:\/\/oftalmodapaulista.com.br\/profissional\/pesquisa-clinica\/","title":{"rendered":"Pesquisa Cl\u00ednica"},"content":{"rendered":"\n<p>O Departamento de Oftalmologia da UNIFESP mant\u00e9m um setor de Pesquisa Cl\u00ednica com apoio da ind\u00fastria farmac\u00eautica. Neste setor s\u00e3o produzidos projetos que permitem a participa\u00e7\u00e3o de P\u00f3s-Graduandos com publica\u00e7\u00e3o dos resultados obtidos. O setor de Pesquisa cl\u00ednica permite que P\u00f3s-Graduandos se familiarizem com aspectos t\u00e9cnicos de funcionamento do Comit\u00ea de \u00c9tica em Pesquisa, da elabora\u00e7\u00e3o de or\u00e7amento para pesquisa cl\u00ednica, do preenchimentos de formul\u00e1rios padronizados para realiza\u00e7\u00e3o de pesquisa, da padroniza\u00e7\u00e3o de consult\u00f3rios para exames de pacientes e das exig\u00eancias burocr\u00e1ticas de ANVISA e Conep. No ano de 2011 os projetos em andamento, empresa fomentadora e os respectivos professores orientadores do Programa de P\u00f3s-Gradua\u00e7\u00e3o est\u00e3o listados:<\/p>\n","protected":false},"excerpt":{"rendered":"<p>O Departamento de Oftalmologia da UNIFESP mant\u00e9m um setor de Pesquisa Cl\u00ednica com apoio da ind\u00fastria farmac\u00eautica. Neste setor s\u00e3o produzidos projetos que permitem a participa\u00e7\u00e3o de P\u00f3s-Graduandos com publica\u00e7\u00e3o dos resultados obtidos. O setor de Pesquisa cl\u00ednica permite que P\u00f3s-Graduandos se familiarizem com aspectos t\u00e9cnicos de funcionamento do Comit\u00ea de \u00c9tica em Pesquisa, da&#8230;<\/p>\n","protected":false},"author":1,"featured_media":0,"parent":0,"menu_order":0,"comment_status":"closed","ping_status":"closed","template":"template\/template-pesquisa-clinica.php","meta":{"_acf_changed":false,"footnotes":""},"class_list":["post-13984","page","type-page","status-publish","hentry"],"acf":[],"_links":{"self":[{"href":"https:\/\/oftalmodapaulista.com.br\/profissional\/wp-json\/wp\/v2\/pages\/13984","targetHints":{"allow":["GET"]}}],"collection":[{"href":"https:\/\/oftalmodapaulista.com.br\/profissional\/wp-json\/wp\/v2\/pages"}],"about":[{"href":"https:\/\/oftalmodapaulista.com.br\/profissional\/wp-json\/wp\/v2\/types\/page"}],"author":[{"embeddable":true,"href":"https:\/\/oftalmodapaulista.com.br\/profissional\/wp-json\/wp\/v2\/users\/1"}],"replies":[{"embeddable":true,"href":"https:\/\/oftalmodapaulista.com.br\/profissional\/wp-json\/wp\/v2\/comments?post=13984"}],"version-history":[{"count":9,"href":"https:\/\/oftalmodapaulista.com.br\/profissional\/wp-json\/wp\/v2\/pages\/13984\/revisions"}],"predecessor-version":[{"id":15153,"href":"https:\/\/oftalmodapaulista.com.br\/profissional\/wp-json\/wp\/v2\/pages\/13984\/revisions\/15153"}],"wp:attachment":[{"href":"https:\/\/oftalmodapaulista.com.br\/profissional\/wp-json\/wp\/v2\/media?parent=13984"}],"curies":[{"name":"wp","href":"https:\/\/api.w.org\/{rel}","templated":true}]}}