{"id":15174,"date":"2023-11-21T10:56:17","date_gmt":"2023-11-21T13:56:17","guid":{"rendered":"https:\/\/siteoftalmodapau1.websiteseguro.com\/paciente\/?page_id=15174"},"modified":"2025-02-11T09:51:21","modified_gmt":"2025-02-11T12:51:21","slug":"orientacoes-sobre-consulta-agendamento","status":"publish","type":"page","link":"https:\/\/oftalmodapaulista.com.br\/paciente\/orientacoes-sobre-consulta-agendamento\/","title":{"rendered":"Orienta\u00e7\u00f5es sobre consulta\/agendamento"},"content":{"rendered":"\n<h3 class=\"wp-block-heading\">Agendamento ambulatorial para pacientes novos<\/h3>\n\n\n\n<p>O acesso ao atendimento ambulatorial do Hospital S\u00e3o Paulo se d\u00e1 atrav\u00e9s da Central de Regula\u00e7\u00e3o de Servi\u00e7os de Sa\u00fade do Estado de S\u00e3o Paulo (Sistema CROSS)<\/p>\n\n\n\n<p>O paciente que necessitar de atendimento m\u00e9dico ambulatorial deve dirigir-se, inicialmente, \u00e0 Unidade B\u00e1sica de Sa\u00fade &#8211; (UBS) ou posto de Assist\u00eancia M\u00e9dica Ambulatorial (AMA) mais pr\u00f3xima de sua resid\u00eancia, munido de carteira de identidade; CPF; comprovante de resid\u00eancia e Cart\u00e3o Nacional de Sa\u00fade &#8211; CNS<\/p>\n\n\n\n<p>Para saber qual a UBS mais pr\u00f3xima de sua resid\u00eancia:<br><a href=\"http:\/\/www3.prefeitura.sp.gov.br\/buscaubsweb\/forms\/frmPrincipal.aspx\" target=\"_blank\" rel=\"noreferrer noopener\">http:\/\/www3.prefeitura.sp.gov.br\/buscaubsweb\/forms\/frmPrincipal.aspx<\/a><\/p>\n\n\n\n<p>Os pacientes dever\u00e3o dirigir-se aos ambulat\u00f3rios do Hospital S\u00e3o Paulo SOMENTE com a consulta m\u00e9dica agendada pela UBS, portando a Guia de Refer\u00eancia e o comprovante de agendamento<\/p>\n\n\n\n<h3 class=\"wp-block-heading\">Agendamento ambulatorial para pacientes j\u00e1 matriculados<\/h3>\n\n\n\n<p>Os pacientes j\u00e1 matriculados e em acompanhamento regular no Hospital S\u00e3o Paulo poder\u00e3o ter solicitado atendimento em outra especialidade. Para esse atendimento \u00e9 necess\u00e1rio solicita\u00e7\u00e3o m\u00e9dica assinada por profissional pertencente ao corpo assistencial do Hospital S\u00e3o Paulo e agendamento no balc\u00e3o de p\u00f3s-consulta do servi\u00e7o solicitante.<\/p>\n\n\n\n<h2 class=\"wp-block-heading\">TRATAMENTO FORA DE DOMIC\u00cdLIO (TFD)<\/h2>\n\n\n\n<p>Para pacientes do interior ou de fora do estado de S\u00e3o Paulo: procurar a Secretaria de Sa\u00fade de sua cidade, setor de Tratamento Fora de Domic\u00edlio (TFD), que ir\u00e1 encaminh\u00e1-lo de acordo com as refer\u00eancias que foram disponibilizadas para essa Secretaria.<\/p>\n\n\n\n<p>N\u00e3o \u00e9 correto vir por conta pr\u00f3pria para procurar tratamento, essa \u00e9 uma das responsabilidades da Secretaria da Sa\u00fade. Tem o direito de seguir esta orienta\u00e7\u00e3o, inclusive com transporte e\/ou hospedagem custeados pelo seu munic\u00edpio, desde que tudo esteja sendo providenciado por seu munic\u00edpio.<\/p>\n\n\n\n<p>Se for para o Hospital S\u00e3o Paulo, a Secretaria de Sa\u00fade de sua cidade dever\u00e1, ela mesmo, agendar a consulta no Hospital S\u00e3o Paulo. Caso contr\u00e1rio, voc\u00ea dever\u00e1 se dirigir para onde a Secretaria da sua cidade indicar.<\/p>\n\n\n\n<p>O agendamento deve ser feito pela Secretaria de Sa\u00fade o seu munic\u00edpio diretamente com o:<\/p>\n\n\n\n<p><strong>Setor de Rela\u00e7\u00f5es P\u00fablicas do Hospital S\u00e3o Paulo:&nbsp; (11) 5576-4848 ramais 7224 ou 7210<\/strong><\/p>\n\n\n\n<p><strong>E-mail: rp@huhsp.org.br<\/strong><\/p>\n","protected":false},"excerpt":{"rendered":"<p>Agendamento ambulatorial para pacientes novos O acesso ao atendimento ambulatorial do Hospital S\u00e3o Paulo se d\u00e1 atrav\u00e9s da Central de Regula\u00e7\u00e3o de Servi\u00e7os de Sa\u00fade do Estado de S\u00e3o Paulo (Sistema CROSS) O paciente que necessitar de atendimento m\u00e9dico ambulatorial deve dirigir-se, inicialmente, \u00e0 Unidade B\u00e1sica de Sa\u00fade &#8211; (UBS) ou posto de Assist\u00eancia M\u00e9dica&#8230;<\/p>\n","protected":false},"author":1,"featured_media":0,"parent":0,"menu_order":0,"comment_status":"closed","ping_status":"closed","template":"","meta":{"_acf_changed":false,"footnotes":""},"class_list":["post-15174","page","type-page","status-publish","hentry"],"acf":[],"_links":{"self":[{"href":"https:\/\/oftalmodapaulista.com.br\/paciente\/wp-json\/wp\/v2\/pages\/15174","targetHints":{"allow":["GET"]}}],"collection":[{"href":"https:\/\/oftalmodapaulista.com.br\/paciente\/wp-json\/wp\/v2\/pages"}],"about":[{"href":"https:\/\/oftalmodapaulista.com.br\/paciente\/wp-json\/wp\/v2\/types\/page"}],"author":[{"embeddable":true,"href":"https:\/\/oftalmodapaulista.com.br\/paciente\/wp-json\/wp\/v2\/users\/1"}],"replies":[{"embeddable":true,"href":"https:\/\/oftalmodapaulista.com.br\/paciente\/wp-json\/wp\/v2\/comments?post=15174"}],"version-history":[{"count":5,"href":"https:\/\/oftalmodapaulista.com.br\/paciente\/wp-json\/wp\/v2\/pages\/15174\/revisions"}],"predecessor-version":[{"id":15444,"href":"https:\/\/oftalmodapaulista.com.br\/paciente\/wp-json\/wp\/v2\/pages\/15174\/revisions\/15444"}],"wp:attachment":[{"href":"https:\/\/oftalmodapaulista.com.br\/paciente\/wp-json\/wp\/v2\/media?parent=15174"}],"curies":[{"name":"wp","href":"https:\/\/api.w.org\/{rel}","templated":true}]}}